{"id":1168,"date":"2025-03-05T08:30:59","date_gmt":"2025-03-05T08:30:59","guid":{"rendered":"https:\/\/tourwithus.pt\/?page_id=1168"},"modified":"2025-04-20T23:06:13","modified_gmt":"2025-04-20T23:06:13","slug":"frota","status":"publish","type":"page","link":"https:\/\/tourwithus.pt\/en\/frota\/","title":{"rendered":"Fleet"},"content":{"rendered":"<div data-elementor-type=\"wp-page\" data-elementor-id=\"1168\" class=\"elementor elementor-1168\">\n\t\t\t\t\t\t<section class=\"elementor-section elementor-top-section elementor-element elementor-element-9bc195d elementor-section-full_width elementor-section-height-default elementor-section-height-default\" data-id=\"9bc195d\" data-element_type=\"section\">\n\t\t\t\t\t\t<div class=\"elementor-container elementor-column-gap-default\">\n\t\t\t\t\t<div class=\"elementor-column elementor-col-100 elementor-top-column elementor-element elementor-element-59a61ae\" data-id=\"59a61ae\" data-element_type=\"column\">\n\t\t\t<div class=\"elementor-widget-wrap elementor-element-populated\">\n\t\t\t\t\t\t<div class=\"elementor-element elementor-element-189db7b elementor-widget elementor-widget-gva_post_breadcrumb\" data-id=\"189db7b\" data-element_type=\"widget\" data-widget_type=\"gva_post_breadcrumb.default\">\n\t\t\t\t<div class=\"elementor-widget-container\">\n\t\t\t\t\t<div class=\"gva-element-gva_post_breadcrumb gva-element\">   \r\n<div class=\"post-breadcrumb\">\r\n   <div class=\"custom-breadcrumb\" >\r\n            <div class=\"breadcrumb-main\">\r\n        <div class=\"container\">\r\n          <div class=\"breadcrumb-container-inner align-center\">\r\n            <h2 class=\"heading-title\">Fleet<\/h2><ol class=\"breadcrumb\"><li><a href=\"https:\/\/tourwithus.pt\/en\">Home<\/a> <\/li> <li class=\"active\">Page<\/li><\/ol>          <\/div>  \r\n        <\/div>   \r\n      <\/div>  \r\n   <\/div>\r\n<\/div>      \r\n\r\n<\/div>\t\t\t\t<\/div>\n\t\t\t\t<\/div>\n\t\t\t\t\t<\/div>\n\t\t<\/div>\n\t\t\t\t\t<\/div>\n\t\t<\/section>\n\t\t\t\t<section class=\"elementor-section elementor-top-section elementor-element elementor-element-6bec4f8 elementor-section-boxed elementor-section-height-default elementor-section-height-default\" data-id=\"6bec4f8\" data-element_type=\"section\">\n\t\t\t\t\t\t<div class=\"elementor-container elementor-column-gap-default\">\n\t\t\t\t\t<div class=\"elementor-column elementor-col-50 elementor-top-column elementor-element elementor-element-9cb8544\" data-id=\"9cb8544\" data-element_type=\"column\">\n\t\t\t<div class=\"elementor-widget-wrap elementor-element-populated\">\n\t\t\t\t\t\t<div class=\"elementor-element elementor-element-3fca6f9 elementor-widget elementor-widget-gva-heading-block\" data-id=\"3fca6f9\" data-element_type=\"widget\" data-widget_type=\"gva-heading-block.default\">\n\t\t\t\t<div class=\"elementor-widget-container\">\n\t\t\t\t\t<div class=\"gva-element-gva-heading-block gva-element\">   <div class=\"align-left style-1 widget gsc-heading box-align-left auto-responsive\">\r\n      <div class=\"content-inner\">\r\n         \r\n                  \r\n         <div class=\"sub-title\"><span class=\"tagline\">Private Transfers<\/span><\/div>  \r\n         \r\n                     <h2 class=\"title\">\r\n               <span>Sustainable Fleet<\/span>\r\n            <\/h2>\r\n                  \r\n         \r\n         \r\n      <\/div>\r\n   <\/div>\r\n<\/div>\t\t\t\t<\/div>\n\t\t\t\t<\/div>\n\t\t\t\t<div class=\"elementor-element elementor-element-1f7eb18 elementor-widget elementor-widget-text-editor\" data-id=\"1f7eb18\" data-element_type=\"widget\" data-widget_type=\"text-editor.default\">\n\t\t\t\t<div class=\"elementor-widget-container\">\n\t\t\t\t\t\t\t\t\t<p>Our fleet of private transfers is made up exclusively of electric 100% vehicles, guaranteeing comfortable, quiet and environmentally friendly transport.<\/p>\t\t\t\t\t\t\t\t<\/div>\n\t\t\t\t<\/div>\n\t\t\t\t\t<\/div>\n\t\t<\/div>\n\t\t\t\t<div class=\"elementor-column elementor-col-50 elementor-top-column elementor-element elementor-element-ae76a81\" data-id=\"ae76a81\" data-element_type=\"column\">\n\t\t\t<div class=\"elementor-widget-wrap elementor-element-populated\">\n\t\t\t\t\t\t<section class=\"elementor-section elementor-inner-section elementor-element elementor-element-a429086 elementor-section-boxed elementor-section-height-default elementor-section-height-default\" data-id=\"a429086\" data-element_type=\"section\">\n\t\t\t\t\t\t<div class=\"elementor-container elementor-column-gap-default\">\n\t\t\t\t\t<div class=\"elementor-column elementor-col-100 elementor-inner-column elementor-element elementor-element-783a9ce\" data-id=\"783a9ce\" data-element_type=\"column\">\n\t\t\t<div class=\"elementor-widget-wrap elementor-element-populated\">\n\t\t\t\t\t\t<div class=\"elementor-element elementor-element-739dd90 elementor-widget elementor-widget-text-editor\" data-id=\"739dd90\" data-element_type=\"widget\" data-widget_type=\"text-editor.default\">\n\t\t\t\t<div class=\"elementor-widget-container\">\n\t\t\t\t\t\t\t\t\t<p>We prioritise sustainability without compromising the quality of the service, providing our customers with a premium experience, with total efficiency and zero CO\u2082 emissions.<\/p><p>In addition to their ecological commitment, our private transfers are synonymous with punctuality, discretion and convenience. The professional drivers are highly trained to provide an exclusive service adapted to the needs of each client.<\/p>\t\t\t\t\t\t\t\t<\/div>\n\t\t\t\t<\/div>\n\t\t\t\t\t<\/div>\n\t\t<\/div>\n\t\t\t\t\t<\/div>\n\t\t<\/section>\n\t\t\t\t\t<\/div>\n\t\t<\/div>\n\t\t\t\t\t<\/div>\n\t\t<\/section>\n\t\t\t\t<section class=\"elementor-section elementor-top-section elementor-element elementor-element-f9c1763 elementor-section-boxed elementor-section-height-default elementor-section-height-default\" data-id=\"f9c1763\" data-element_type=\"section\" data-settings=\"{&quot;background_background&quot;:&quot;classic&quot;}\">\n\t\t\t\t\t\t<div class=\"elementor-container elementor-column-gap-default\">\n\t\t\t\t\t<div class=\"elementor-column elementor-col-100 elementor-top-column elementor-element elementor-element-bf0121a\" data-id=\"bf0121a\" data-element_type=\"column\">\n\t\t\t<div class=\"elementor-widget-wrap elementor-element-populated\">\n\t\t\t\t\t\t<div class=\"elementor-element elementor-element-f1568fd elementor-widget elementor-widget-gva_icon_box_group\" data-id=\"f1568fd\" data-element_type=\"widget\" data-widget_type=\"gva_icon_box_group.default\">\n\t\t\t\t<div class=\"elementor-widget-container\">\n\t\t\t\t\t<div class=\"gva-element-gva_icon_box_group gva-element\">\r\n<div class=\"gsc-icon-box-group layout-carousel swiper-slider-wrapper\">\r\n   <div class=\"swiper-content-inner\">\r\n      <div class=\"init-carousel-swiper swiper\" data-carousel=\"{&quot;items&quot;:3,&quot;items_lg&quot;:3,&quot;items_md&quot;:3,&quot;items_sm&quot;:2,&quot;items_xs&quot;:2,&quot;items_xx&quot;:2,&quot;effect&quot;:&quot;slide&quot;,&quot;space_between&quot;:30,&quot;loop&quot;:1,&quot;speed&quot;:600,&quot;autoplay&quot;:1,&quot;autoplay_delay&quot;:4500,&quot;autoplay_hover&quot;:1,&quot;navigation&quot;:1,&quot;pagination&quot;:0,&quot;dynamic_bullets&quot;:0,&quot;pagination_type&quot;:&quot;bullets&quot;}\">\r\n         <div class=\"swiper-wrapper\">\r\n            <div class=\"swiper-slide\">\r\n<div class=\"icon-box-item elementor-repeater-item-d833a49\">\r\n\t\t\r\n\t\t<div class=\"iconbox-two__single\"><div class=\"iconbox-two__content\"><div class=\"iconbox-two__icon\"><i aria-hidden=\"true\" class=\"las la-user-tie\"><\/i><\/div><div class=\"iconbox-two__content-inner\"><h3 class=\"iconbox-two__title\">Professional Driver<\/h3><div class=\"iconbox-two__desc\">Safety and peace of mind with a licensed driver.<\/div><\/div><\/div>\t\t  <a href=\"#\" class=\"iconbox-two__link-overlay\">\r\n\t\t\t \t\t  <\/a>\r\n\t\t  <\/div><\/div><\/div><div class=\"swiper-slide\">\r\n<div class=\"icon-box-item elementor-repeater-item-b50c52e\">\r\n\t\t\r\n\t\t<div class=\"iconbox-two__single\"><div class=\"iconbox-two__content\"><div class=\"iconbox-two__icon\"><i aria-hidden=\"true\" class=\"gwflaticon-best-price\"><\/i><\/div><div class=\"iconbox-two__content-inner\"><h3 class=\"iconbox-two__title\">Economy &amp; Confidence<\/h3><div class=\"iconbox-two__desc\">All-inclusive rates, no extra costs, no surprises<\/div><\/div><\/div>\t\t  <a href=\"#\" class=\"iconbox-two__link-overlay\">\r\n\t\t\t \t\t  <\/a>\r\n\t\t  <\/div><\/div><\/div><div class=\"swiper-slide\">\r\n<div class=\"icon-box-item elementor-repeater-item-2c50c28\">\r\n\t\t\r\n\t\t<div class=\"iconbox-two__single\"><div class=\"iconbox-two__content\"><div class=\"iconbox-two__icon\"><i aria-hidden=\"true\" class=\"la la-clock-o\"><\/i><\/div><div class=\"iconbox-two__content-inner\"><h3 class=\"iconbox-two__title\">Booking<\/h3><div class=\"iconbox-two__desc\">Punctuality, and we track your flight<\/div><\/div><\/div>\t\t  <a href=\"#\" class=\"iconbox-two__link-overlay\">\r\n\t\t\t \t\t  <\/a>\r\n\t\t  <\/div><\/div><\/div><div class=\"swiper-slide\">\r\n<div class=\"icon-box-item elementor-repeater-item-c492c79\">\r\n\t\t\r\n\t\t<div class=\"iconbox-two__single\"><div class=\"iconbox-two__content\"><div class=\"iconbox-two__icon\"><i aria-hidden=\"true\" class=\"gwflaticon-journey\"><\/i><\/div><div class=\"iconbox-two__content-inner\"><h3 class=\"iconbox-two__title\">Private tours<\/h3><div class=\"iconbox-two__desc\">We organise your tour according to your wishes...<\/div><\/div><\/div>\t\t  <a href=\"#\" class=\"iconbox-two__link-overlay\">\r\n\t\t\t \t\t  <\/a>\r\n\t\t  <\/div><\/div><\/div><div class=\"swiper-slide\">\r\n<div class=\"icon-box-item elementor-repeater-item-7832301\">\r\n\t\t\r\n\t\t<div class=\"iconbox-two__single\"><div class=\"iconbox-two__content\"><div class=\"iconbox-two__icon\"><i aria-hidden=\"true\" class=\"la la-id-badge\"><\/i><\/div><div class=\"iconbox-two__content-inner\"><h3 class=\"iconbox-two__title\">Coporate | Events<\/h3><div class=\"iconbox-two__desc\">Provide your customers and suppliers with quality service<\/div><\/div><\/div>\t\t  <a href=\"#\" class=\"iconbox-two__link-overlay\">\r\n\t\t\t \t\t  <\/a>\r\n\t\t  <\/div><\/div><\/div>         <\/div>\r\n      <\/div>\r\n   <\/div>   \r\n   <div class=\"swiper-pagination\"><\/div>   <div class=\"swiper-nav-next\"><\/div><div class=\"swiper-nav-prev\"><\/div><\/div>\r\n<\/div>\t\t\t\t<\/div>\n\t\t\t\t<\/div>\n\t\t\t\t<div class=\"elementor-element elementor-element-c3a5537 elementor-widget elementor-widget-gva-services\" data-id=\"c3a5537\" data-element_type=\"widget\" data-widget_type=\"gva-services.default\">\n\t\t\t\t<div class=\"elementor-widget-container\">\n\t\t\t\t\t<div class=\"gva-element-gva-services gva-element\">\r\n<div class=\"gsc-services layout-grid\">\r\n   <div class=\"lg-block-grid-3 md-block-grid-3 sm-block-grid-2 xs-block-grid-1 xx-block-grid-1\">\r\n      <div class=\"item-columns\">\r\n<div class=\"service-one__single active\"><div class=\"service-one__content\"><div class=\"service-one__image\"><img decoding=\"async\" src=\"https:\/\/tourwithus.pt\/wp-content\/uploads\/2025\/03\/tesla-model3-1.jpg\" alt=\"Tesla Model 3\"\/><\/div><div class=\"service-one__content-inner\"><h4 class=\"service-one__title\"><span>Tesla Model 3<\/span><\/h4><div class=\"service-one__desc\">100% Electric, comfort and safety<br>\n<span style=\"color:var(--e-global-color-primary);\"><i class=\"las la-user-friends\"><\/i> 4 seats<\/span><\/div><\/div>\t\t  <a href=\"#\" class=\"service-one__link-overlay\"><\/a>\r\n\t\t  <\/div><\/div>\t\r\n\r\n\r\n\r\n<\/div><div class=\"item-columns\">\r\n<div class=\"service-one__single active\"><div class=\"service-one__content\"><div class=\"service-one__image\"><img decoding=\"async\" src=\"https:\/\/tourwithus.pt\/wp-content\/uploads\/2025\/03\/tesla-modelx.jpg\" alt=\"Tesla Model X\"\/><\/div><div class=\"service-one__content-inner\"><h4 class=\"service-one__title\"><span>Tesla Model X<\/span><\/h4><div class=\"service-one__desc\">100% Electric, comfort and safety<br>\n<span style=\"color:var(--e-global-color-primary);\"><i class=\"las la-user-friends\"><\/i> 6 seats<\/span><\/div><\/div>\t\t  <a href=\"#\" class=\"service-one__link-overlay\"><\/a>\r\n\t\t  <\/div><\/div>\t\r\n\r\n\r\n\r\n<\/div><div class=\"item-columns\">\r\n<div class=\"service-one__single active\"><div class=\"service-one__content\"><div class=\"service-one__image\"><img decoding=\"async\" src=\"https:\/\/tourwithus.pt\/wp-content\/uploads\/2025\/03\/zoe.jpg\" alt=\"Renault Zoe\"\/><\/div><div class=\"service-one__content-inner\"><h4 class=\"service-one__title\"><span>Renault Zoe<\/span><\/h4><div class=\"service-one__desc\">100% Electric, ideal for city journeys<br>\n<span style=\"color:var(--e-global-color-primary);\"><i class=\"las la-user-friends\"><\/i> 4 seats<\/span><\/div><\/div>\t\t  <a href=\"#\" class=\"service-one__link-overlay\"><\/a>\r\n\t\t  <\/div><\/div>\t\r\n\r\n\r\n\r\n<\/div><div class=\"item-columns\">\r\n<div class=\"service-one__single active\"><div class=\"service-one__content\"><div class=\"service-one__image\"><img decoding=\"async\" src=\"https:\/\/tourwithus.pt\/wp-content\/uploads\/2025\/03\/citroen-spacetourer.jpg\" alt=\"Citro\u00ebn \u00eb-SpaceTourer\"\/><\/div><div class=\"service-one__content-inner\"><h4 class=\"service-one__title\"><span>Citro\u00ebn \u00eb-SpaceTourer<\/span><\/h4><div class=\"service-one__desc\">100% Electric, ideal for groups<br>\n<span style=\"color:var(--e-global-color-primary);\"><i class=\"las la-user-friends\"><\/i> 7 seats<\/span><\/div><\/div>\t\t  <a href=\"#\" class=\"service-one__link-overlay\"><\/a>\r\n\t\t  <\/div><\/div>\t\r\n\r\n\r\n\r\n<\/div><div class=\"item-columns\">\r\n<div class=\"service-one__single active\"><div class=\"service-one__content\"><div class=\"service-one__image\"><img decoding=\"async\" src=\"https:\/\/tourwithus.pt\/wp-content\/uploads\/2025\/03\/mercedes-evito.jpg\" alt=\"Mercedes eVito\"\/><\/div><div class=\"service-one__content-inner\"><h4 class=\"service-one__title\"><span>Mercedes eVito<\/span><\/h4><div class=\"service-one__desc\">100% Electric, ideal for groups<br>\n<span style=\"color:var(--e-global-color-primary);\"><i class=\"las la-user-friends\"><\/i> 7 seats<\/span><\/div><\/div>\t\t  <a href=\"#\" class=\"service-one__link-overlay\"><\/a>\r\n\t\t  <\/div><\/div>\t\r\n\r\n\r\n\r\n<\/div>   <\/div>\r\n<\/div>\r\n<\/div>\t\t\t\t<\/div>\n\t\t\t\t<\/div>\n\t\t\t\t\t<\/div>\n\t\t<\/div>\n\t\t\t\t\t<\/div>\n\t\t<\/section>\n\t\t\t\t<section class=\"elementor-section elementor-top-section elementor-element elementor-element-3f37b97 elementor-section-boxed elementor-section-height-default elementor-section-height-default\" data-id=\"3f37b97\" data-element_type=\"section\">\n\t\t\t\t\t\t<div class=\"elementor-container elementor-column-gap-default\">\n\t\t\t\t\t<div class=\"elementor-column elementor-col-50 elementor-top-column elementor-element elementor-element-2ca927c\" data-id=\"2ca927c\" data-element_type=\"column\" data-settings=\"{&quot;background_background&quot;:&quot;classic&quot;}\">\n\t\t\t<div class=\"elementor-widget-wrap elementor-element-populated\">\n\t\t\t\t\t\t<div class=\"elementor-element elementor-element-09f2b57 elementor-widget elementor-widget-spacer\" data-id=\"09f2b57\" data-element_type=\"widget\" data-widget_type=\"spacer.default\">\n\t\t\t\t<div class=\"elementor-widget-container\">\n\t\t\t\t\t\t\t<div class=\"elementor-spacer\">\n\t\t\t<div class=\"elementor-spacer-inner\"><\/div>\n\t\t<\/div>\n\t\t\t\t\t\t<\/div>\n\t\t\t\t<\/div>\n\t\t\t\t\t<\/div>\n\t\t<\/div>\n\t\t\t\t<div class=\"elementor-column elementor-col-50 elementor-top-column elementor-element elementor-element-77415c1\" data-id=\"77415c1\" data-element_type=\"column\" data-settings=\"{&quot;background_background&quot;:&quot;classic&quot;}\">\n\t\t\t<div class=\"elementor-widget-wrap elementor-element-populated\">\n\t\t\t\t\t\t<div class=\"elementor-element elementor-element-5ab7a2f elementor-widget elementor-widget-gva-heading-block\" data-id=\"5ab7a2f\" data-element_type=\"widget\" data-widget_type=\"gva-heading-block.default\">\n\t\t\t\t<div class=\"elementor-widget-container\">\n\t\t\t\t\t<div class=\"gva-element-gva-heading-block gva-element\">   <div class=\"align-left style-1 widget gsc-heading box-align-left auto-responsive\">\r\n      <div class=\"content-inner\">\r\n         \r\n                  \r\n         <div class=\"sub-title\"><span class=\"tagline\">Frequently Asked Questions<\/span><\/div>  \r\n         \r\n                     <h2 class=\"title\">\r\n               <span>Do you have any doubts?<\/span>\r\n            <\/h2>\r\n                  \r\n                     <div class=\"title-desc\">How much does the service cost? Are there child seats? How many people can fit in a vehicle? You'll find the most common answers in our frequently asked questions section.\n\nIf you have any other questions, please contact us.<\/div>\r\n         \r\n         \r\n      <\/div>\r\n   <\/div>\r\n<\/div>\t\t\t\t<\/div>\n\t\t\t\t<\/div>\n\t\t\t\t<div class=\"elementor-element elementor-element-b702a74 elementor-widget elementor-widget-accordion\" data-id=\"b702a74\" data-element_type=\"widget\" data-widget_type=\"accordion.default\">\n\t\t\t\t<div class=\"elementor-widget-container\">\n\t\t\t\t\t\t\t<div class=\"elementor-accordion\">\n\t\t\t\t\t\t\t<div class=\"elementor-accordion-item\">\n\t\t\t\t\t<div id=\"elementor-tab-title-1911\" class=\"elementor-tab-title\" data-tab=\"1\" role=\"button\" aria-controls=\"elementor-tab-content-1911\" aria-expanded=\"false\">\n\t\t\t\t\t\t\t\t\t\t\t\t\t<span class=\"elementor-accordion-icon elementor-accordion-icon-right\" aria-hidden=\"true\">\n\t\t\t\t\t\t\t\t\t\t\t\t\t\t\t<span class=\"elementor-accordion-icon-closed\"><i class=\"fas fa-chevron-right\"><\/i><\/span>\n\t\t\t\t\t\t\t\t<span class=\"elementor-accordion-icon-opened\"><i class=\"fas fa-chevron-down\"><\/i><\/span>\n\t\t\t\t\t\t\t\t\t\t\t\t\t\t<\/span>\n\t\t\t\t\t\t\t\t\t\t\t\t<a class=\"elementor-accordion-title\" tabindex=\"0\">How far in advance should I book the transfer?<\/a>\n\t\t\t\t\t<\/div>\n\t\t\t\t\t<div id=\"elementor-tab-content-1911\" class=\"elementor-tab-content elementor-clearfix\" data-tab=\"1\" role=\"region\" aria-labelledby=\"elementor-tab-title-1911\"><div class=\"js-dropdown-content\"><div class=\"o-answers-questions__text\">Transfers can be booked at least 24 hours in advance<\/div><\/div><\/div>\n\t\t\t\t<\/div>\n\t\t\t\t\t\t\t<div class=\"elementor-accordion-item\">\n\t\t\t\t\t<div id=\"elementor-tab-title-1912\" class=\"elementor-tab-title\" data-tab=\"2\" role=\"button\" aria-controls=\"elementor-tab-content-1912\" aria-expanded=\"false\">\n\t\t\t\t\t\t\t\t\t\t\t\t\t<span class=\"elementor-accordion-icon elementor-accordion-icon-right\" aria-hidden=\"true\">\n\t\t\t\t\t\t\t\t\t\t\t\t\t\t\t<span class=\"elementor-accordion-icon-closed\"><i class=\"fas fa-chevron-right\"><\/i><\/span>\n\t\t\t\t\t\t\t\t<span class=\"elementor-accordion-icon-opened\"><i class=\"fas fa-chevron-down\"><\/i><\/span>\n\t\t\t\t\t\t\t\t\t\t\t\t\t\t<\/span>\n\t\t\t\t\t\t\t\t\t\t\t\t<a class=\"elementor-accordion-title\" tabindex=\"0\">How long will the driver wait for me?<\/a>\n\t\t\t\t\t<\/div>\n\t\t\t\t\t<div id=\"elementor-tab-content-1912\" class=\"elementor-tab-content elementor-clearfix\" data-tab=\"2\" role=\"region\" aria-labelledby=\"elementor-tab-title-1912\"><ul><li>Airports: 1 hour from the flight's actual landing time.<\/li><li>Cruise port: 30 minutes from the time indicated when making the booking.<\/li><li>Train stations: 15 minutes from the train's actual arrival time.<\/li><li>Hotels and flats: 15 minutes from the time indicated on the booking.<\/li><\/ul><p>If, for any reason, you need more time, you should call the contact number that appears on the booking. In this case, supplements may apply.<\/p><\/div>\n\t\t\t\t<\/div>\n\t\t\t\t\t\t\t<div class=\"elementor-accordion-item\">\n\t\t\t\t\t<div id=\"elementor-tab-title-1913\" class=\"elementor-tab-title\" data-tab=\"3\" role=\"button\" aria-controls=\"elementor-tab-content-1913\" aria-expanded=\"false\">\n\t\t\t\t\t\t\t\t\t\t\t\t\t<span class=\"elementor-accordion-icon elementor-accordion-icon-right\" aria-hidden=\"true\">\n\t\t\t\t\t\t\t\t\t\t\t\t\t\t\t<span class=\"elementor-accordion-icon-closed\"><i class=\"fas fa-chevron-right\"><\/i><\/span>\n\t\t\t\t\t\t\t\t<span class=\"elementor-accordion-icon-opened\"><i class=\"fas fa-chevron-down\"><\/i><\/span>\n\t\t\t\t\t\t\t\t\t\t\t\t\t\t<\/span>\n\t\t\t\t\t\t\t\t\t\t\t\t<a class=\"elementor-accordion-title\" tabindex=\"0\">Where will the driver wait for me?<\/a>\n\t\t\t\t\t<\/div>\n\t\t\t\t\t<div id=\"elementor-tab-content-1913\" class=\"elementor-tab-content elementor-clearfix\" data-tab=\"3\" role=\"region\" aria-labelledby=\"elementor-tab-title-1913\"><ul><li>Airports: the driver will wait in the arrivals area, just beyond the baggage reclaim hall.<\/li><li>Ports: the driver will wait at the port's arrivals terminal.<\/li><li>Train stations: the driver will wait outside the train arrival platform.<\/li><li>Hotels and flats: the driver will wait outside the building. If you have the opportunity to park your vehicle, you can wait in reception.<\/li><\/ul><p>In all cases, the driver will wait with a sign bearing his name.<\/p><\/div>\n\t\t\t\t<\/div>\n\t\t\t\t\t\t\t\t<\/div>\n\t\t\t\t\t\t<\/div>\n\t\t\t\t<\/div>\n\t\t\t\t<div class=\"elementor-element elementor-element-3b45420 elementor-widget elementor-widget-heading\" data-id=\"3b45420\" data-element_type=\"widget\" data-widget_type=\"heading.default\">\n\t\t\t\t<div class=\"elementor-widget-container\">\n\t\t\t\t\t<h6 class=\"elementor-heading-title elementor-size-default\"><a href=\"https:\/\/tourwithus.pt\/en\/faq\/\">+ Frequently Asked Questions<\/a><\/h6>\t\t\t\t<\/div>\n\t\t\t\t<\/div>\n\t\t\t\t\t<\/div>\n\t\t<\/div>\n\t\t\t\t\t<\/div>\n\t\t<\/section>\n\t\t\t\t<section class=\"elementor-section elementor-top-section elementor-element elementor-element-90a799b elementor-section-boxed elementor-section-height-default elementor-section-height-default\" data-id=\"90a799b\" data-element_type=\"section\">\n\t\t\t\t\t\t<div class=\"elementor-container elementor-column-gap-default\">\n\t\t\t\t\t<div class=\"elementor-column elementor-col-100 elementor-top-column elementor-element elementor-element-f364ee8\" data-id=\"f364ee8\" data-element_type=\"column\" data-settings=\"{&quot;background_background&quot;:&quot;classic&quot;}\">\n\t\t\t<div class=\"elementor-widget-wrap elementor-element-populated\">\n\t\t\t\t\t<div class=\"elementor-background-overlay\"><\/div>\n\t\t\t\t\t\t<section class=\"elementor-section elementor-inner-section elementor-element elementor-element-04f1c0c elementor-section-boxed elementor-section-height-default elementor-section-height-default\" data-id=\"04f1c0c\" data-element_type=\"section\">\n\t\t\t\t\t\t<div class=\"elementor-container elementor-column-gap-default\">\n\t\t\t\t\t<div class=\"elementor-column elementor-col-50 elementor-inner-column elementor-element elementor-element-b3c2508\" data-id=\"b3c2508\" data-element_type=\"column\">\n\t\t\t<div class=\"elementor-widget-wrap elementor-element-populated\">\n\t\t\t\t\t\t<div class=\"elementor-element elementor-element-aa757e3 elementor-position-left elementor-vertical-align-middle icon-box-left elementor-view-default elementor-mobile-position-top elementor-widget elementor-widget-icon-box\" data-id=\"aa757e3\" data-element_type=\"widget\" data-widget_type=\"icon-box.default\">\n\t\t\t\t<div class=\"elementor-widget-container\">\n\t\t\t\t\t\t\t<div class=\"elementor-icon-box-wrapper\">\n\n\t\t\t\t\t\t<div class=\"elementor-icon-box-icon\">\n\t\t\t\t<span  class=\"elementor-icon\">\n\t\t\t\t<i aria-hidden=\"true\" class=\"gwflaticon-flight\"><\/i>\t\t\t\t<\/span>\n\t\t\t<\/div>\n\t\t\t\n\t\t\t\t\t\t<div class=\"elementor-icon-box-content\">\n\n\t\t\t\t\t\t\t\t\t<h3 class=\"elementor-icon-box-title\">\n\t\t\t\t\t\t<span  >\n\t\t\t\t\t\t\tChoose your destination, we'll take care of the rest!\t\t\t\t\t\t<\/span>\n\t\t\t\t\t<\/h3>\n\t\t\t\t\n\t\t\t\t\t\t\t\t\t<p class=\"elementor-icon-box-description\">\n\t\t\t\t\t\tEnjoy the comfort and reliability of a private transfer service\t\t\t\t\t<\/p>\n\t\t\t\t\n\t\t\t<\/div>\n\t\t\t\n\t\t<\/div>\n\t\t\t\t\t\t<\/div>\n\t\t\t\t<\/div>\n\t\t\t\t\t<\/div>\n\t\t<\/div>\n\t\t\t\t<div class=\"elementor-column elementor-col-50 elementor-inner-column elementor-element elementor-element-dc262d8\" data-id=\"dc262d8\" data-element_type=\"column\">\n\t\t\t<div class=\"elementor-widget-wrap elementor-element-populated\">\n\t\t\t\t\t\t<div class=\"elementor-element elementor-element-1b923cd elementor-widget__width-auto elementor-widget elementor-widget-html\" data-id=\"1b923cd\" data-element_type=\"widget\" data-widget_type=\"html.default\">\n\t\t\t\t<div class=\"elementor-widget-container\">\n\t\t\t\t\t<a class=\"btn-white\" href=\"https:\/\/tourwithus.pt\/en\/reservar-transfer\/\">\n    Book now\n<\/a>\t\t\t\t<\/div>\n\t\t\t\t<\/div>\n\t\t\t\t\t<\/div>\n\t\t<\/div>\n\t\t\t\t\t<\/div>\n\t\t<\/section>\n\t\t\t\t\t<\/div>\n\t\t<\/div>\n\t\t\t\t\t<\/div>\n\t\t<\/section>\n\t\t\t\t<\/div>","protected":false},"excerpt":{"rendered":"<p>Frota Home P\u00e1gina Transfers Privados Frota Sustent\u00e1vel A nossa frota de transfers privados \u00e9 composta exclusivamente por viaturas 100% el\u00e9tricas, garantindo um transporte confort\u00e1vel, silencioso e amigo do ambiente. Priorizamos a sustentabilidade sem comprometer a qualidade do servi\u00e7o, proporcionando aos nossos clientes uma experi\u00eancia premium, com total efici\u00eancia e zero emiss\u00f5es de CO\u2082. Al\u00e9m do [&hellip;]<\/p>","protected":false},"author":1,"featured_media":0,"parent":0,"menu_order":0,"comment_status":"closed","ping_status":"closed","template":"","meta":{"_siteseo_robots_primary_cat":"","footnotes":""},"class_list":["post-1168","page","type-page","status-publish","hentry"],"_links":{"self":[{"href":"https:\/\/tourwithus.pt\/en\/wp-json\/wp\/v2\/pages\/1168","targetHints":{"allow":["GET"]}}],"collection":[{"href":"https:\/\/tourwithus.pt\/en\/wp-json\/wp\/v2\/pages"}],"about":[{"href":"https:\/\/tourwithus.pt\/en\/wp-json\/wp\/v2\/types\/page"}],"author":[{"embeddable":true,"href":"https:\/\/tourwithus.pt\/en\/wp-json\/wp\/v2\/users\/1"}],"replies":[{"embeddable":true,"href":"https:\/\/tourwithus.pt\/en\/wp-json\/wp\/v2\/comments?post=1168"}],"version-history":[{"count":0,"href":"https:\/\/tourwithus.pt\/en\/wp-json\/wp\/v2\/pages\/1168\/revisions"}],"wp:attachment":[{"href":"https:\/\/tourwithus.pt\/en\/wp-json\/wp\/v2\/media?parent=1168"}],"curies":[{"name":"wp","href":"https:\/\/api.w.org\/{rel}","templated":true}]}}