{"id":2341,"date":"2025-03-02T09:42:51","date_gmt":"2025-03-02T09:42:51","guid":{"rendered":"https:\/\/tourwithus.pt\/tranfers\/"},"modified":"2025-10-08T11:44:10","modified_gmt":"2025-10-08T11:44:10","slug":"transfers","status":"publish","type":"page","link":"https:\/\/tourwithus.pt\/en\/transfers\/","title":{"rendered":"Private Transfers"},"content":{"rendered":"<div data-elementor-type=\"wp-page\" data-elementor-id=\"2341\" class=\"elementor elementor-2341\">\n\t\t\t\t\t\t<section class=\"elementor-section elementor-top-section elementor-element elementor-element-bba73ad elementor-section-boxed elementor-section-height-default elementor-section-height-default\" data-id=\"bba73ad\" data-element_type=\"section\" data-settings=\"{&quot;background_background&quot;:&quot;classic&quot;}\">\n\t\t\t\t\t\t\t<div class=\"elementor-background-overlay\"><\/div>\n\t\t\t\t\t\t\t<div class=\"elementor-container elementor-column-gap-default\">\n\t\t\t\t\t<div class=\"elementor-column elementor-col-100 elementor-top-column elementor-element elementor-element-af4bcd2\" data-id=\"af4bcd2\" data-element_type=\"column\">\n\t\t\t<div class=\"elementor-widget-wrap elementor-element-populated\">\n\t\t\t\t\t\t<div class=\"elementor-element elementor-element-e9d2edf elementor-widget elementor-widget-gva_icon_box_group\" data-id=\"e9d2edf\" data-element_type=\"widget\" data-widget_type=\"gva_icon_box_group.default\">\n\t\t\t\t<div class=\"elementor-widget-container\">\n\t\t\t\t\t<div class=\"gva-element-gva_icon_box_group gva-element\">\r\n<div class=\"gsc-icon-box-group layout-grid\">\r\n\t<div class=\"lg-block-grid-3 md-block-grid-3 sm-block-grid-2 xs-block-grid-1 xx-block-grid-1\">\r\n\t\t\t\t\t\r\n\t\t\t<div class=\"item-columns\">\r\n\t\t\t\t\r\n<div class=\"icon-box-item elementor-repeater-item-23b783b\">\r\n\t\t<div class=\"iconbox-one__single\"><h3 class=\"iconbox-one__title\">PROFESSIONAL DRIVER<\/h3><div class=\"iconbox-one__icon\"><i aria-hidden=\"true\" class=\"las la-user-tie\"><\/i><\/div><div class=\"iconbox-one__desc\">Arrive at your destination safely and calmly with a licensed, insured and professional driver.<\/div>\t\t  <a href=\"#\" class=\"iconbox-one__link-overlay\">\r\n\t\t\t \t\t  <\/a>\r\n\t\t  <\/div>\r\n\t\t<\/div>\t\t\t<\/div>\r\n\r\n\t\t\t\t\t\r\n\t\t\t<div class=\"item-columns\">\r\n\t\t\t\t\r\n<div class=\"icon-box-item elementor-repeater-item-f577567\">\r\n\t\t<div class=\"iconbox-one__single active\"><h3 class=\"iconbox-one__title\">TRANSFER SERVICE<\/h3><div class=\"iconbox-one__icon\"><i aria-hidden=\"true\" class=\"las la-car\"><\/i><\/div><div class=\"iconbox-one__desc\">Your journeys between airport arrivals and departures, travelling to lunches\/dinners...<\/div>\t\t  <a href=\"#\" class=\"iconbox-one__link-overlay\">\r\n\t\t\t \t\t  <\/a>\r\n\t\t  <\/div>\r\n\t\t<\/div>\t\t\t<\/div>\r\n\r\n\t\t\t\t\t\r\n\t\t\t<div class=\"item-columns\">\r\n\t\t\t\t\r\n<div class=\"icon-box-item elementor-repeater-item-09a2de0\">\r\n\t\t<div class=\"iconbox-one__single\"><h3 class=\"iconbox-one__title\">PRIVATE TOURS<\/h3><div class=\"iconbox-one__icon\"><i aria-hidden=\"true\" class=\"flaticon-landscape\"><\/i><\/div><div class=\"iconbox-one__desc\">We want to give you unique moments discovering Portugal...<\/div>\t\t  <a href=\"#\" class=\"iconbox-one__link-overlay\">\r\n\t\t\t \t\t  <\/a>\r\n\t\t  <\/div>\r\n\t\t<\/div>\t\t\t<\/div>\r\n\r\n\t\t\t\t\t\r\n\t\t\t<div class=\"item-columns\">\r\n\t\t\t\t\r\n<div class=\"icon-box-item elementor-repeater-item-af2652f\">\r\n\t\t<div class=\"iconbox-one__single\"><h3 class=\"iconbox-one__title\">CORPORATE | EVENTS<\/h3><div class=\"iconbox-one__icon\"><i aria-hidden=\"true\" class=\"la la-id-badge\"><\/i><\/div><div class=\"iconbox-one__desc\">Give your customers and suppliers the quality of service you would also like to receive...<\/div>\t\t  <a href=\"#\" class=\"iconbox-one__link-overlay\">\r\n\t\t\t \t\t  <\/a>\r\n\t\t  <\/div>\r\n\t\t<\/div>\t\t\t<\/div>\r\n\r\n\t\t\t\t\t\r\n\t\t\t<div class=\"item-columns\">\r\n\t\t\t\t\r\n<div class=\"icon-box-item elementor-repeater-item-10a62cd\">\r\n\t\t<div class=\"iconbox-one__single active\"><h3 class=\"iconbox-one__title\">PERSONALISE TOUR<\/h3><div class=\"iconbox-one__icon\"><i aria-hidden=\"true\" class=\"gwflaticon-journey\"><\/i><\/div><div class=\"iconbox-one__desc\">Take the trip that no-one else has.\nWe organise your tour according to your wishes...<\/div>\t\t  <a href=\"#\" class=\"iconbox-one__link-overlay\">\r\n\t\t\t \t\t  <\/a>\r\n\t\t  <\/div>\r\n\t\t<\/div>\t\t\t<\/div>\r\n\r\n\t\t\t\t\t\r\n\t\t\t<div class=\"item-columns\">\r\n\t\t\t\t\r\n<div class=\"icon-box-item elementor-repeater-item-6b6fcd3\">\r\n\t\t<div class=\"iconbox-one__single\"><h3 class=\"iconbox-one__title\">PRIOR BOOKING<\/h3><div class=\"iconbox-one__icon\"><i aria-hidden=\"true\" class=\"far fa-clock\"><\/i><\/div><div class=\"iconbox-one__desc\">Take your time, with 1 hour of free waiting and flight tracking<\/div>\t\t  <a href=\"#\" class=\"iconbox-one__link-overlay\">\r\n\t\t\t \t\t  <\/a>\r\n\t\t  <\/div>\r\n\t\t<\/div>\t\t\t<\/div>\r\n\r\n\t\t\t<\/div>   \r\n<\/div>\r\n<\/div>\t\t\t\t<\/div>\n\t\t\t\t<\/div>\n\t\t\t\t\t<\/div>\n\t\t<\/div>\n\t\t\t\t\t<\/div>\n\t\t<\/section>\n\t\t\t\t<section class=\"elementor-section elementor-top-section elementor-element elementor-element-a3002eb elementor-section-full_width elementor-section-height-default elementor-section-height-default\" data-id=\"a3002eb\" data-element_type=\"section\">\n\t\t\t\t\t\t<div class=\"elementor-container elementor-column-gap-default\">\n\t\t\t\t\t<div class=\"elementor-column elementor-col-100 elementor-top-column elementor-element elementor-element-762c278\" data-id=\"762c278\" data-element_type=\"column\" data-settings=\"{&quot;background_background&quot;:&quot;classic&quot;}\">\n\t\t\t<div class=\"elementor-widget-wrap elementor-element-populated\">\n\t\t\t\t\t<div class=\"elementor-background-overlay\"><\/div>\n\t\t\t\t\t\t<section class=\"elementor-section elementor-inner-section elementor-element elementor-element-666fe56 elementor-section-boxed elementor-section-height-default elementor-section-height-default\" data-id=\"666fe56\" data-element_type=\"section\">\n\t\t\t\t\t\t<div class=\"elementor-container elementor-column-gap-default\">\n\t\t\t\t\t<div class=\"elementor-column elementor-col-100 elementor-inner-column elementor-element elementor-element-cc26adb\" data-id=\"cc26adb\" data-element_type=\"column\">\n\t\t\t<div class=\"elementor-widget-wrap elementor-element-populated\">\n\t\t\t\t\t\t<div class=\"elementor-element elementor-element-70cb5bb elementor-widget elementor-widget-gva-heading-block\" data-id=\"70cb5bb\" data-element_type=\"widget\" data-widget_type=\"gva-heading-block.default\">\n\t\t\t\t<div class=\"elementor-widget-container\">\n\t\t\t\t\t<div class=\"gva-element-gva-heading-block gva-element\">   <div class=\"align-center style-1 widget gsc-heading box-align-left auto-responsive\">\r\n      <div class=\"content-inner\">\r\n         \r\n                  \r\n         <div class=\"sub-title\"><span class=\"tagline\">Point to Point<\/span><\/div>  \r\n         \r\n                     <h2 class=\"title\">\r\n               <span>Private Transfers<\/span>\r\n            <\/h2>\r\n                  \r\n         \r\n         \r\n      <\/div>\r\n   <\/div>\r\n<\/div>\t\t\t\t<\/div>\n\t\t\t\t<\/div>\n\t\t\t\t\t<\/div>\n\t\t<\/div>\n\t\t\t\t\t<\/div>\n\t\t<\/section>\n\t\t\t\t<section class=\"elementor-section elementor-inner-section elementor-element elementor-element-5a807bc elementor-section-boxed elementor-section-height-default elementor-section-height-default\" data-id=\"5a807bc\" data-element_type=\"section\">\n\t\t\t\t\t\t<div class=\"elementor-container elementor-column-gap-default\">\n\t\t\t\t\t<div class=\"elementor-column elementor-col-33 elementor-inner-column elementor-element elementor-element-84d8fd5\" data-id=\"84d8fd5\" data-element_type=\"column\">\n\t\t\t<div class=\"elementor-widget-wrap elementor-element-populated\">\n\t\t\t\t\t\t<div class=\"elementor-element elementor-element-8c158aa elementor-position-left elementor-vertical-align-middle icon-box-left elementor-view-default elementor-mobile-position-top elementor-widget elementor-widget-icon-box\" data-id=\"8c158aa\" data-element_type=\"widget\" data-widget_type=\"icon-box.default\">\n\t\t\t\t<div class=\"elementor-widget-container\">\n\t\t\t\t\t\t\t<div class=\"elementor-icon-box-wrapper\">\n\n\t\t\t\t\t\t<div class=\"elementor-icon-box-icon\">\n\t\t\t\t<a href=\"#\" class=\"elementor-icon\" tabindex=\"-1\" aria-label=\"Airport transfers\">\n\t\t\t\t<i aria-hidden=\"true\" class=\"las la-car\"><\/i>\t\t\t\t<\/a>\n\t\t\t<\/div>\n\t\t\t\n\t\t\t\t\t\t<div class=\"elementor-icon-box-content\">\n\n\t\t\t\t\t\t\t\t\t<h3 class=\"elementor-icon-box-title\">\n\t\t\t\t\t\t<a href=\"#\" >\n\t\t\t\t\t\t\tAirport transfers\t\t\t\t\t\t<\/a>\n\t\t\t\t\t<\/h3>\n\t\t\t\t\n\t\t\t\t\n\t\t\t<\/div>\n\t\t\t\n\t\t<\/div>\n\t\t\t\t\t\t<\/div>\n\t\t\t\t<\/div>\n\t\t\t\t<div class=\"elementor-element elementor-element-6b4a46c elementor-position-left elementor-vertical-align-middle hover_1 icon-box-left elementor-view-default elementor-mobile-position-top elementor-widget elementor-widget-icon-box\" data-id=\"6b4a46c\" data-element_type=\"widget\" data-widget_type=\"icon-box.default\">\n\t\t\t\t<div class=\"elementor-widget-container\">\n\t\t\t\t\t\t\t<div class=\"elementor-icon-box-wrapper\">\n\n\t\t\t\t\t\t<div class=\"elementor-icon-box-icon\">\n\t\t\t\t<a href=\"#\" class=\"elementor-icon\" tabindex=\"-1\" aria-label=\"Group Transfers\">\n\t\t\t\t<i aria-hidden=\"true\" class=\"las la-car-alt\"><\/i>\t\t\t\t<\/a>\n\t\t\t<\/div>\n\t\t\t\n\t\t\t\t\t\t<div class=\"elementor-icon-box-content\">\n\n\t\t\t\t\t\t\t\t\t<h3 class=\"elementor-icon-box-title\">\n\t\t\t\t\t\t<a href=\"#\" >\n\t\t\t\t\t\t\tGroup Transfers\t\t\t\t\t\t<\/a>\n\t\t\t\t\t<\/h3>\n\t\t\t\t\n\t\t\t\t\n\t\t\t<\/div>\n\t\t\t\n\t\t<\/div>\n\t\t\t\t\t\t<\/div>\n\t\t\t\t<\/div>\n\t\t\t\t<div class=\"elementor-element elementor-element-92cc94e elementor-position-left elementor-vertical-align-middle hover_1 icon-box-left elementor-view-default elementor-mobile-position-top elementor-widget elementor-widget-icon-box\" data-id=\"92cc94e\" data-element_type=\"widget\" data-widget_type=\"icon-box.default\">\n\t\t\t\t<div class=\"elementor-widget-container\">\n\t\t\t\t\t\t\t<div class=\"elementor-icon-box-wrapper\">\n\n\t\t\t\t\t\t<div class=\"elementor-icon-box-icon\">\n\t\t\t\t<a href=\"#\" class=\"elementor-icon\" tabindex=\"-1\" aria-label=\"Private Driver\">\n\t\t\t\t<i aria-hidden=\"true\" class=\"las la-male\"><\/i>\t\t\t\t<\/a>\n\t\t\t<\/div>\n\t\t\t\n\t\t\t\t\t\t<div class=\"elementor-icon-box-content\">\n\n\t\t\t\t\t\t\t\t\t<h3 class=\"elementor-icon-box-title\">\n\t\t\t\t\t\t<a href=\"#\" >\n\t\t\t\t\t\t\tPrivate Driver\t\t\t\t\t\t<\/a>\n\t\t\t\t\t<\/h3>\n\t\t\t\t\n\t\t\t\t\n\t\t\t<\/div>\n\t\t\t\n\t\t<\/div>\n\t\t\t\t\t\t<\/div>\n\t\t\t\t<\/div>\n\t\t\t\t<div class=\"elementor-element elementor-element-880550e elementor-position-left elementor-vertical-align-middle hover_1 icon-box-left elementor-view-default elementor-mobile-position-top elementor-widget elementor-widget-icon-box\" data-id=\"880550e\" data-element_type=\"widget\" data-widget_type=\"icon-box.default\">\n\t\t\t\t<div class=\"elementor-widget-container\">\n\t\t\t\t\t\t\t<div class=\"elementor-icon-box-wrapper\">\n\n\t\t\t\t\t\t<div class=\"elementor-icon-box-icon\">\n\t\t\t\t<a href=\"#\" class=\"elementor-icon\" tabindex=\"-1\" aria-label=\"A variety of luxury fleets\">\n\t\t\t\t<i aria-hidden=\"true\" class=\"la la-automobile\"><\/i>\t\t\t\t<\/a>\n\t\t\t<\/div>\n\t\t\t\n\t\t\t\t\t\t<div class=\"elementor-icon-box-content\">\n\n\t\t\t\t\t\t\t\t\t<h3 class=\"elementor-icon-box-title\">\n\t\t\t\t\t\t<a href=\"#\" >\n\t\t\t\t\t\t\tA variety of luxury fleets\t\t\t\t\t\t<\/a>\n\t\t\t\t\t<\/h3>\n\t\t\t\t\n\t\t\t\t\n\t\t\t<\/div>\n\t\t\t\n\t\t<\/div>\n\t\t\t\t\t\t<\/div>\n\t\t\t\t<\/div>\n\t\t\t\t<div class=\"elementor-element elementor-element-e1aaa5f elementor-position-left elementor-vertical-align-middle hover_1 icon-box-left elementor-view-default elementor-mobile-position-top elementor-widget elementor-widget-icon-box\" data-id=\"e1aaa5f\" data-element_type=\"widget\" data-widget_type=\"icon-box.default\">\n\t\t\t\t<div class=\"elementor-widget-container\">\n\t\t\t\t\t\t\t<div class=\"elementor-icon-box-wrapper\">\n\n\t\t\t\t\t\t<div class=\"elementor-icon-box-icon\">\n\t\t\t\t<a href=\"#\" class=\"elementor-icon\" tabindex=\"-1\" aria-label=\"Airport Meet &amp; Greet\">\n\t\t\t\t<i aria-hidden=\"true\" class=\"las la-handshake\"><\/i>\t\t\t\t<\/a>\n\t\t\t<\/div>\n\t\t\t\n\t\t\t\t\t\t<div class=\"elementor-icon-box-content\">\n\n\t\t\t\t\t\t\t\t\t<h3 class=\"elementor-icon-box-title\">\n\t\t\t\t\t\t<a href=\"#\" >\n\t\t\t\t\t\t\tAirport Meet &amp; Greet\t\t\t\t\t\t<\/a>\n\t\t\t\t\t<\/h3>\n\t\t\t\t\n\t\t\t\t\n\t\t\t<\/div>\n\t\t\t\n\t\t<\/div>\n\t\t\t\t\t\t<\/div>\n\t\t\t\t<\/div>\n\t\t\t\t<div class=\"elementor-element elementor-element-caecb94 elementor-position-left elementor-vertical-align-middle hover_1 icon-box-left elementor-view-default elementor-mobile-position-top elementor-widget elementor-widget-icon-box\" data-id=\"caecb94\" data-element_type=\"widget\" data-widget_type=\"icon-box.default\">\n\t\t\t\t<div class=\"elementor-widget-container\">\n\t\t\t\t\t\t\t<div class=\"elementor-icon-box-wrapper\">\n\n\t\t\t\t\t\t<div class=\"elementor-icon-box-icon\">\n\t\t\t\t<a href=\"#\" class=\"elementor-icon\" tabindex=\"-1\" aria-label=\"Safety &amp; Comfort\">\n\t\t\t\t<i aria-hidden=\"true\" class=\"la la-smile-o\"><\/i>\t\t\t\t<\/a>\n\t\t\t<\/div>\n\t\t\t\n\t\t\t\t\t\t<div class=\"elementor-icon-box-content\">\n\n\t\t\t\t\t\t\t\t\t<h3 class=\"elementor-icon-box-title\">\n\t\t\t\t\t\t<a href=\"#\" >\n\t\t\t\t\t\t\tSafety &amp; Comfort\t\t\t\t\t\t<\/a>\n\t\t\t\t\t<\/h3>\n\t\t\t\t\n\t\t\t\t\n\t\t\t<\/div>\n\t\t\t\n\t\t<\/div>\n\t\t\t\t\t\t<\/div>\n\t\t\t\t<\/div>\n\t\t\t\t\t<\/div>\n\t\t<\/div>\n\t\t\t\t<div class=\"elementor-column elementor-col-33 elementor-inner-column elementor-element elementor-element-1244c27\" data-id=\"1244c27\" data-element_type=\"column\">\n\t\t\t<div class=\"elementor-widget-wrap elementor-element-populated\">\n\t\t\t\t\t\t<div class=\"elementor-element elementor-element-3923e5c elementor-widget elementor-widget-image\" data-id=\"3923e5c\" data-element_type=\"widget\" data-widget_type=\"image.default\">\n\t\t\t\t<div class=\"elementor-widget-container\">\n\t\t\t\t\t\t\t\t\t\t\t\t\t\t\t<img fetchpriority=\"high\" decoding=\"async\" width=\"520\" height=\"306\" src=\"https:\/\/tourwithus.pt\/wp-content\/uploads\/2025\/02\/TourWithUs-carroblue.webp\" class=\"attachment-medium_large size-medium_large wp-image-884\" alt=\"\" \/>\t\t\t\t\t\t\t\t\t\t\t\t\t\t\t<\/div>\n\t\t\t\t<\/div>\n\t\t\t\t<div class=\"elementor-element elementor-element-133c347 elementor-widget elementor-widget-heading\" data-id=\"133c347\" data-element_type=\"widget\" data-widget_type=\"heading.default\">\n\t\t\t\t<div class=\"elementor-widget-container\">\n\t\t\t\t\t<h2 class=\"elementor-heading-title elementor-size-default\">Enjoy the comfort and reliability of a private service\n<\/h2>\t\t\t\t<\/div>\n\t\t\t\t<\/div>\n\t\t\t\t<div class=\"elementor-element elementor-element-4d7818c elementor-widget elementor-widget-text-editor\" data-id=\"4d7818c\" data-element_type=\"widget\" data-widget_type=\"text-editor.default\">\n\t\t\t\t<div class=\"elementor-widget-container\">\n\t\t\t\t\t\t\t\t\t<p>We offer\u00a0<strong>premium transfer services throughout the country<\/strong>. Whatever the reason for your visit to Portugal -\u00a0<strong>business or leisure<\/strong>\u00a0- we guarantee your transport so that you arrive at your destination with the maximum\u00a0<strong>security<\/strong>\u00a0e\u00a0<strong>comfort<\/strong>. Our\u00a0<strong>professional, multilingual drivers<\/strong>\u00a0are always at your disposal and our\u00a0<strong>attentive customer service<\/strong>\u00a0will ensure that all your needs are met while travelling.<\/p>\t\t\t\t\t\t\t\t<\/div>\n\t\t\t\t<\/div>\n\t\t\t\t\t<\/div>\n\t\t<\/div>\n\t\t\t\t<div class=\"elementor-column elementor-col-33 elementor-inner-column elementor-element elementor-element-f4ee395\" data-id=\"f4ee395\" data-element_type=\"column\" data-settings=\"{&quot;background_background&quot;:&quot;classic&quot;}\">\n\t\t\t<div class=\"elementor-widget-wrap elementor-element-populated\">\n\t\t\t\t\t\t<div class=\"elementor-element elementor-element-7fca478 elementor-widget elementor-widget-spacer\" data-id=\"7fca478\" data-element_type=\"widget\" data-widget_type=\"spacer.default\">\n\t\t\t\t<div class=\"elementor-widget-container\">\n\t\t\t\t\t\t\t<div class=\"elementor-spacer\">\n\t\t\t<div class=\"elementor-spacer-inner\"><\/div>\n\t\t<\/div>\n\t\t\t\t\t\t<\/div>\n\t\t\t\t<\/div>\n\t\t\t\t\t<\/div>\n\t\t<\/div>\n\t\t\t\t\t<\/div>\n\t\t<\/section>\n\t\t\t\t<section class=\"elementor-section elementor-inner-section elementor-element elementor-element-7009dbc elementor-section-boxed elementor-section-height-default elementor-section-height-default\" data-id=\"7009dbc\" data-element_type=\"section\">\n\t\t\t\t\t\t<div class=\"elementor-container elementor-column-gap-default\">\n\t\t\t\t\t<div class=\"elementor-column elementor-col-100 elementor-inner-column elementor-element elementor-element-b293ea5\" data-id=\"b293ea5\" data-element_type=\"column\">\n\t\t\t<div class=\"elementor-widget-wrap elementor-element-populated\">\n\t\t\t\t\t\t<div class=\"elementor-element elementor-element-6ae66e3 elementor-widget__width-auto elementor-widget elementor-widget-html\" data-id=\"6ae66e3\" data-element_type=\"widget\" data-widget_type=\"html.default\">\n\t\t\t\t<div class=\"elementor-widget-container\">\n\t\t\t\t\t<a class=\"btn-white center\" href=\"https:\/\/tourwithus.pt\/en\/reservar-transfer\/\">\n  Book your transfer now\n<\/a>\t\t\t\t<\/div>\n\t\t\t\t<\/div>\n\t\t\t\t\t<\/div>\n\t\t<\/div>\n\t\t\t\t\t<\/div>\n\t\t<\/section>\n\t\t\t\t\t<\/div>\n\t\t<\/div>\n\t\t\t\t\t<\/div>\n\t\t<\/section>\n\t\t\t\t<\/div>","protected":false},"excerpt":{"rendered":"<p>MOTORISTA PROFISSIONAL Chegue ao seu destino em seguran\u00e7a e tranquilidade com um motorista licenciado, segurado e profissional. SERVI\u00c7O DE TRANSFER As suas desloca\u00e7\u00f5es entre chegadas e partidas de aeroportos, desloca\u00e7\u00f5es para almo\u00e7os\/jantares&#8230; TOURS PRIVADOS Pretendemos proporcionar-lhe momentos \u00fanicos descobrindo Portugal&#8230; CORPORATE | EVENTOS Disponibilize aos seus Clientes e fornecedores a qualidade de servi\u00e7o que gostaria [&hellip;]<\/p>","protected":false},"author":1,"featured_media":0,"parent":0,"menu_order":0,"comment_status":"closed","ping_status":"closed","template":"","meta":{"_siteseo_robots_primary_cat":"","footnotes":""},"class_list":["post-2341","page","type-page","status-publish","hentry"],"_links":{"self":[{"href":"https:\/\/tourwithus.pt\/en\/wp-json\/wp\/v2\/pages\/2341","targetHints":{"allow":["GET"]}}],"collection":[{"href":"https:\/\/tourwithus.pt\/en\/wp-json\/wp\/v2\/pages"}],"about":[{"href":"https:\/\/tourwithus.pt\/en\/wp-json\/wp\/v2\/types\/page"}],"author":[{"embeddable":true,"href":"https:\/\/tourwithus.pt\/en\/wp-json\/wp\/v2\/users\/1"}],"replies":[{"embeddable":true,"href":"https:\/\/tourwithus.pt\/en\/wp-json\/wp\/v2\/comments?post=2341"}],"version-history":[{"count":1,"href":"https:\/\/tourwithus.pt\/en\/wp-json\/wp\/v2\/pages\/2341\/revisions"}],"predecessor-version":[{"id":9859,"href":"https:\/\/tourwithus.pt\/en\/wp-json\/wp\/v2\/pages\/2341\/revisions\/9859"}],"wp:attachment":[{"href":"https:\/\/tourwithus.pt\/en\/wp-json\/wp\/v2\/media?parent=2341"}],"curies":[{"name":"wp","href":"https:\/\/api.w.org\/{rel}","templated":true}]}}