{"id":3,"date":"2025-01-29T12:58:31","date_gmt":"2025-01-29T12:58:31","guid":{"rendered":"https:\/\/tourwithus.pt\/?page_id=3"},"modified":"2025-03-13T19:08:51","modified_gmt":"2025-03-13T19:08:51","slug":"politica-privacidade","status":"publish","type":"page","link":"https:\/\/tourwithus.pt\/en\/politica-privacidade\/","title":{"rendered":"Privacy Policy"},"content":{"rendered":"<h2 class=\"wp-block-heading\">Data privacy and protection of computerised personal data<\/h2>\n\n\n\n<p>Your consent applies to the following domains: www.tourwithus.pt<\/p>\n\n\n\n<h3 class=\"wp-block-heading\">General Conditions of Use of the Site<\/h3>\n\n\n\n<ul class=\"wp-block-list\">\n<li>The information on this website is for information purposes only.<\/li>\n\n\n\n<li>The user undertakes to use the information to which they have access for exclusively private purposes.<\/li>\n\n\n\n<li>All information and content made available on the site - including images, videos, text and information, logos and graphic design or any document contained therein - is the industrial and intellectual property of tourwithus.pt or third parties who have authorised its inclusion, and may not be used outside the permitted conditions. Unless otherwise provided by law, it is expressly forbidden to copy, store, reproduce, alter, transmit, disseminate, commercialise or in any other way make accessible to third parties information made available through this site, unless it is for personal, non-commercial use. Any use of information, particularly when authorised, must always refer to the source.<\/li>\n\n\n\n<li>tourwithus.pt shall not be held liable for any errors, delays or interruptions in access to the information on this website as a result of circumstances beyond its control.<\/li>\n\n\n\n<li>The information contained on this website may be changed by tourwithus.co.uk without prior notice.<\/li>\n\n\n\n<li>tourwithus.pt provides links to other Internet sites. However, tourwithus.pt accepts no responsibility for the information provided on these sites or for the provision of services by external organisations.<\/li>\n\n\n\n<li>The user can access www.tourwithus.pt via the available remote channels (Internet, PDAs and mobile phones). tourwithus.pt accepts no responsibility for any damage resulting from the impossibility, delay, suspension or interruption of access to www.tourwithus.pt, due to technical faults or other reasons. tourwithus.pt does not guarantee that access to www.tourwithus.pt.com will not be interrupted or disrupted as a result of technical problems.<\/li>\n\n\n\n<li>tourwithus.pt does not guarantee that www.tourwithus.pt.com will work correctly on all mobile devices and their respective configurations, and does not undertake to develop content that fits all devices available on the market.<\/li>\n\n\n\n<li>Access to or use of www.tourwithus.pt.com implies acceptance by the user of the aforementioned conditions.<\/li>\n\n\n\n<li>This website and this legal information shall be governed by and construed in accordance with Portuguese law. Disputes arising out of or in connection with this information shall be settled by the Portuguese Courts with express waiver of any other.<\/li>\n<\/ul>\n\n\n\n<h3 class=\"wp-block-heading\">Identity<\/h3>\n\n\n\n<p>Manobravolume unipessoal Lda, Tel.: +351 937 679 281. E-mail: info@tourwithus.pt.<\/p>\n\n\n\n<h2 class=\"wp-block-heading\">Privacy and Cookie Policy<\/h2>\n\n\n\n<p>tourwithus.pt aims to guarantee and protect the privacy of Users and fulfil its legal obligations.<\/p>\n\n\n\n<p>tourwithus.pt is committed to protecting the personal data entrusted to it, establishing a duty of information and a commitment to transparency with regard to compliance with current data protection legislation.<\/p>\n\n\n\n<p>Consequently, all information of a personal nature is treated and protected with the utmost diligence, and always in accordance with the applicable law, namely EU Regulation 2016\/679, General Data Protection Regulation (hereinafter GDPR).<\/p>\n\n\n\n<p>This Privacy and Cookies Policy defines the treatment of any personal information that is provided when using the tourwithus.pt website and the information processed if you are a candidate, potential Customer or an actual Customer of tourwithus.pt.<\/p>\n\n\n\n<h3 class=\"wp-block-heading\">Information collected<\/h3>\n\n\n\n<p><strong>Information provided by the user:<\/strong><\/p>\n\n\n\n<p>tourwithus.pt respects your right to privacy and does not collect any personal information about you on this site without your explicit request or consent. Interaction with this page does not require any information from the user, except when, for expressly identified purposes, registration is declared necessary and is authorised by the user, under the terms defined below. When you visit the website, you may be asked for personal data such as your name, e-mail address, etc.<\/p>\n\n\n\n<p><strong>Automatically processed information:<\/strong><\/p>\n\n\n\n<p>Cookies\" are packets of data that a website sends to your computer while you are visiting that website. These data files include information that allows important data to be memorised to make your browsing more efficient and useful. This website uses cookies for various purposes, namely to obtain non-personal data from online visitors.<\/p>\n\n\n\n<p>Whenever you access a tourwithus.pt website, a Cookie is recorded in your device's memory. A Cookie corresponds to a packet of data that our website sends to your device while you are visiting it. The Cookie includes information that allows us to memorise important data that will make your browsing more efficient and useful.<\/p>\n\n\n\n<p>At any time, the User can configure their device to accept, refuse or delete Cookies, namely by selecting the appropriate settings in their browser. You can configure Cookies in the \"options\" or \"preferences\" menu of your browser. Please note that if you disable Cookies, browsing our website may not be as efficient.<\/p>\n\n\n\n<p>Cookies are used to help determine the usefulness, interest and number of uses of its websites, enabling faster and more efficient browsing by eliminating the need to repeatedly enter the same information.<\/p>\n\n\n\n<p>The cookies used by tourwithus.pt are analytical cookies, which are used anonymously to create and analyse statistics in order to improve the functioning of the website; functionality cookies, which store the user's preferences regarding the use of the site so that it is not necessary to reconfigure the site each time they visit it; and third-party cookies, which measure the success of applications and the effectiveness of third-party advertising. They can also be used to personalise a widget with user data.<\/p>\n\n\n\n<h3 class=\"wp-block-heading\">What do we use cookies for?<\/h3>\n\n\n\n<p>All our websites use cookies to improve performance and make browsing them more enjoyable. The tourwithus.pt cookie policy is detailed below.<\/p>\n\n\n\n<h3 class=\"wp-block-heading\">What are cookies?<\/h3>\n\n\n\n<p>Cookies are files that web pages save on your computer or any other device (e.g. smartphones, etc.) when accessed via Internet browsers. These files allow the website to more easily and quickly identify the devices on subsequent accesses to the web pages, thus improving access performance and the information presented.<\/p>\n\n\n\n<p>Cookies store general information related to the type of use of the website, origin of access to the website, browsing preferences of Users, etc. The cookies used do not store or collect private information (personal data) about the User.<\/p>\n\n\n\n<h3 class=\"wp-block-heading\">Cookies Used by tourwithus.pt<\/h3>\n\n\n\n<figure class=\"wp-block-table\"><table class=\"has-fixed-layout\"><tbody><tr><th><strong>Type<\/strong><\/th><th><strong>Description and Use<\/strong><\/th><\/tr><tr><td>Analytical cookies<\/td><td>These cookies store (anonymised) information about the pages of the site that Users have opened, how long they have kept each page open, how long they have stayed on the site, the link\/site from which the visit originated, etc.<br>They make it possible to obtain statistical data on how pages are visited and the profile of visitors (without ever identifying personal data such as name and address). They are used to improve the user experience and to improve the operation of the site.<\/td><\/tr><tr><td>Functionality cookies<\/td><td>They store each User's personalised browsing and viewing options (preferences).<br>It avoids the need to re-set these choices every time the same user returns to the site.<\/td><\/tr><tr><td>Third-party cookies<\/td><td>tourwithus.pt has no control over these cookies. Third-party cookies can be functional, strictly necessary and analytical. The information collected by third-party cookies is used for your consumption and not that of tourwithus.pt. The third-party cookies used come from the social networks with which our websites are integrated (e.g. Facebook, Linkedin, etc.) and from the website&nbsp;<a href=\"http:\/\/jarisflvplayer.org\/\" target=\"_blank\" rel=\"noreferrer noopener\">Flash Video Player<\/a>&nbsp;which is the tool used to share videos.<\/td><\/tr><\/tbody><\/table><\/figure>\n\n\n\n<h3 class=\"wp-block-heading\">Other information about cookies<\/h3>\n\n\n\n<p>You can find more detailed information about cookies on the following websites:<\/p>\n\n\n\n<ul class=\"wp-block-list\">\n<li><a href=\"http:\/\/www.allaboutcookies.org\/\" target=\"_blank\" rel=\"noreferrer noopener\">All About Cookies<\/a>&nbsp;(All about cookies)<\/li>\n\n\n\n<li><a href=\"http:\/\/www.microsoft.com\/info\/cookies.mspx\" target=\"_blank\" rel=\"noreferrer noopener\">Information About Cookies<\/a>&nbsp;(Microsoft Guide to Cookies)<\/li>\n<\/ul>\n\n\n\n<p>You can also find information about the control of cookies according to your internet browser at the following addresses:<\/p>\n\n\n\n<ul class=\"wp-block-list\">\n<li><a href=\"http:\/\/support.microsoft.com\/kb\/278835\" target=\"_blank\" rel=\"noreferrer noopener\">Internet Explorer<\/a><\/li>\n\n\n\n<li><a href=\"https:\/\/www.google.com\/chrome\/intl\/en-GB\/more\/privacy.html\" target=\"_blank\" rel=\"noreferrer noopener\">Chrome<\/a><\/li>\n\n\n\n<li><a href=\"http:\/\/support.mozilla.org\/en-US\/kb\/Clear%20Recent%20History\" target=\"_blank\" rel=\"noreferrer noopener\">Firefox<\/a><\/li>\n\n\n\n<li><a href=\"http:\/\/support.apple.com\/kb\/PH5042\" target=\"_blank\" rel=\"noreferrer noopener\">Safari<\/a><\/li>\n\n\n\n<li><a href=\"http:\/\/www.opera.com\/browser\/tutorials\/security\/privacy\/\" target=\"_blank\" rel=\"noreferrer noopener\">Opera<\/a><\/li>\n<\/ul>\n\n\n\n<h3 class=\"wp-block-heading\">Purpose of processing personal data:<\/h3>\n\n\n\n<p><strong>Customer Service:<\/strong><\/p>\n\n\n\n<p>tourwithus.pt is the entity responsible for collecting and processing the personal data collected through the website at&nbsp;<a href=\"https:\/\/tourwithus.pt\/en\/\">https:\/\/www.tourwithus.pt<\/a>&nbsp;through the Customer section - \"Contacts\" where the purpose of processing your data is due to the need to follow up and process your suggestions, questions or other information.<\/p>\n\n\n\n<p><strong>Complaints management:<\/strong><\/p>\n\n\n\n<p>tourwithus.pt is the entity responsible for the collection and processing of personal data collected through the website and the purpose of processing your data is due to the need to follow up and process your complaints.<\/p>\n\n\n\n<p><strong>Partner companies using Personal Data for their own marketing purposes<\/strong><\/p>\n\n\n\n<p>tourwithus.pt does not licence or sell the customer's Personal Data to third party companies for their own marketing purposes, except in situations where the customer has given their consent. The identity of these third parties will be disclosed when the customer's authorisation is requested for this purpose.<\/p>\n\n\n\n<p>The data processed in these areas is kept for the period necessary for its purpose after the issue raised has been resolved, solely for the purpose of evaluating the quality of the services provided by tourwithus.pt. As such, tourwithus.pt is the data controller:<\/p>\n\n\n\n<ul class=\"wp-block-list\">\n<li>Ensures that the processing of your personal data is carried out only within the scope of the purposes for which it was collected or for purposes compatible with those purposes;<\/li>\n\n\n\n<li>It collects, uses and stores only the minimum personal data necessary and sufficient for the purpose in question;<\/li>\n\n\n\n<li>It processes personal data for legally prescribed purposes or to provide services at your request.<\/li>\n<\/ul>\n\n\n\n<h3 class=\"wp-block-heading\">Data sharing<\/h3>\n\n\n\n<p>tourwithus.pt may communicate Users' personal data to subcontractors, and is always responsible for processing it. Once again, we emphasise that the entities subcontracted by tourwithus.pt are entirely trusted by us and offer guarantees regarding the safeguarding of your data.<\/p>\n\n\n\n<p>In the course of its business, tourwithus.pt may use third parties to provide certain services. Sometimes, the provision of these services implies that these entities have access to our clients' personal data. When this happens, tourwithus.pt takes the appropriate measures to ensure that the entities that have access to the data are reputable and offer the highest guarantees at this level, which will be duly enshrined and safeguarded in a contract to be signed between tourwithus.pt and the third party(ies).<\/p>\n\n\n\n<p>Therefore, any entity subcontracted by tourwithus.pt will process the personal data of our Customers, in the name and on behalf of tourwithus.pt, under the obligation to adopt the necessary technical and organisational measures in order to protect personal data against accidental or unlawful destruction, accidental loss, alteration, dissemination or unauthorised access and against any other form of unlawful processing.<\/p>\n\n\n\n<p>In any case, tourwithus.pt remains responsible for the personal data it makes available.<\/p>\n\n\n\n<h3 class=\"wp-block-heading\">Your rights<\/h3>\n\n\n\n<p>Users may at any time, in accordance with the law in force, exercise the following rights directly and on their own initiative: the right to be informed; the right of access; the right to rectification; the right to be forgotten; the right to object to direct marketing, including profiling; the right to object to processing based on legitimate interests; the right to data portability; the right to restriction and the right to lodge a complaint with the supervisory authority. So that you can effectively exercise these rights, you can contact us by email to info@tourwithus.pt.<\/p>\n\n\n\n<p>If you wish to lodge a complaint with a supervisory body, please contact us first so that we can take steps that will certainly meet your needs.<\/p>\n\n\n\n<h3 class=\"wp-block-heading\">Security of your information<\/h3>\n\n\n\n<p>tourwithus.pt ensures technical and organisational security measures to guarantee the protection and confidentiality of the data collected through its website. However, since it is impossible to guarantee the absolute security of any information sent over the Internet (open network), there is a risk of data being accessed by unauthorised third parties. However, even in these circumstances, tourwithus.pt continually adopts and develops security mechanisms to protect the personal data collected.<\/p>\n\n\n\n<h3 class=\"wp-block-heading\">Who this policy applies to<\/h3>\n\n\n\n<p>Our privacy policy applies to all our employees, candidates, clients, potential clients, website visitors and all the services we provide.<\/p>\n\n\n\n<h3 class=\"wp-block-heading\">Review of the terms of the privacy policy<\/h3>\n\n\n\n<p>By using the tourwithus.pt website you agree to the collection and use of your information under the terms and in accordance with the conditions set out in this Privacy and Cookies Policy. tourwithus.pt may, at any time and without prior notice, change these conditions, and the changes will be published on the tourwithus.pt website.<\/p>\n\n\n\n<p>By submitting, if you wish, your request for clarification of the Privacy and Cookies Policy via the link https:\/\/www.tourwithus.pt.com\/contactos, when registering on the tourwithus.pt website, you give your express, free and informed consent for your personal data to be collected and processed for the purposes and under the terms and conditions mentioned above, and declare that all the information provided contains no omissions and corresponds to the truth.<\/p>\n\n\n\n<p>Contact:<\/p>\n\n\n\n<p>info@tourwithus.pt<\/p>\n\n\n\n<p>Date of last publication: 13-03-2025<\/p>\n\n\n\n<p><\/p>","protected":false},"excerpt":{"rendered":"<p>Privacidade dos dados e Prote\u00e7\u00e3o dos dados pessoais informatizados O seu consentimento aplica-se aos dom\u00ednios: www.tourwithus.pt Condi\u00e7\u00f5es Gerais de Utiliza\u00e7\u00e3o do Site Identidade Manobravolume unipessoal Lda, Tel.: +351 937 679 281. E-mail: info@tourwithus.pt. Pol\u00edtica de Privacidade e Cookies tourwithus.pt pretende garantir e proteger a privacidade dos Utilizadores e cumprir com as suas obriga\u00e7\u00f5es legais. tourwithus.pt [&hellip;]<\/p>","protected":false},"author":1,"featured_media":0,"parent":0,"menu_order":0,"comment_status":"closed","ping_status":"closed","template":"","meta":{"_siteseo_robots_primary_cat":"","footnotes":""},"class_list":["post-3","page","type-page","status-publish","hentry"],"_links":{"self":[{"href":"https:\/\/tourwithus.pt\/en\/wp-json\/wp\/v2\/pages\/3","targetHints":{"allow":["GET"]}}],"collection":[{"href":"https:\/\/tourwithus.pt\/en\/wp-json\/wp\/v2\/pages"}],"about":[{"href":"https:\/\/tourwithus.pt\/en\/wp-json\/wp\/v2\/types\/page"}],"author":[{"embeddable":true,"href":"https:\/\/tourwithus.pt\/en\/wp-json\/wp\/v2\/users\/1"}],"replies":[{"embeddable":true,"href":"https:\/\/tourwithus.pt\/en\/wp-json\/wp\/v2\/comments?post=3"}],"version-history":[{"count":0,"href":"https:\/\/tourwithus.pt\/en\/wp-json\/wp\/v2\/pages\/3\/revisions"}],"wp:attachment":[{"href":"https:\/\/tourwithus.pt\/en\/wp-json\/wp\/v2\/media?parent=3"}],"curies":[{"name":"wp","href":"https:\/\/api.w.org\/{rel}","templated":true}]}}